{"id":219,"date":"2018-05-28T17:04:46","date_gmt":"2018-05-28T15:04:46","guid":{"rendered":"http:\/\/marcusmeier.de\/cms\/?page_id=219"},"modified":"2023-02-16T13:50:04","modified_gmt":"2023-02-16T12:50:04","slug":"datenschutzerklaerung","status":"publish","type":"page","link":"https:\/\/marcusmeier.de\/cms\/datenschutzerklaerung\/","title":{"rendered":"Datenschutzerkl\u00e4rung"},"content":{"rendered":"<p><em>Vorab: Ich respektiere Ihre Privatsph\u00e4re. Ich interessiere mich nicht daf\u00fcr, wer Sie sind, welchen Browser Sie nutzen oder an welchem Ort der Welt Sie ins Netz gehen. Das geht mich auch nichts an \u2013 Sie wollen ja nur meine Webseite nutzen und ich betreibe keine halbseidenen oder offen kriminellen Gesch\u00e4fte. Ich pers\u00f6nlich werte keinerlei Daten aus, die Sie bei Nutzung dieser Webseite hinterlassen.\u00a0 Ich nutze weder Google Analytics oder Social-Media-Plugins noch andere unter Datenschutz-Gesichtspunkten besonders fragw\u00fcrdigen Plugins, Dienste etc. Leider kann ich es mit diesen Aussagen nicht bewenden lassen, weswegen nun eine mehrere Druckseiten lange Datenschutzerkl\u00e4rung folgt.<\/em><\/p>\n<h4>Grundlegendes<\/h4>\n<p>Diese Datenschutzerkl\u00e4rung soll die Nutzer dieser Website \u00fcber die Art, den Umfang und den Zweck der Erhebung und Verwendung personenbezogener Daten durch den Websitebetreiber Marcus Meier, Kontaktdaten siehe <a href=\"https:\/\/marcusmeier.de\/cms\/impressum\/\">Impressum<\/a>, informieren.<\/p>\n<p>Der Websitebetreiber nimmt Ihren Datenschutz sehr ernst und behandelt Ihre personenbezogenen Daten vertraulich und entsprechend der gesetzlichen Vorschriften. Da durch neue Technologien und die st\u00e4ndige Weiterentwicklung dieser Webseite \u00c4nderungen an dieser Datenschutzerkl\u00e4rung vorgenommen werden k\u00f6nnen, empfehlen wir Ihnen sich die Datenschutzerkl\u00e4rung in regelm\u00e4\u00dfigen Abst\u00e4nden wieder durchzulesen.<\/p>\n<p>Definitionen der verwendeten Begriffe (z.B. \u201cpersonenbezogene Daten\u201d oder \u201cVerarbeitung\u201d) finden Sie in Art. 4 DSGVO.<\/p>\n<h4>Zugriffsdaten<\/h4>\n<p>Mein ISP Strato erhebt aufgrund unseres berechtigten Interesses (s. Art. 6 Abs. 1 lit. f. DSGVO) Daten \u00fcber Zugriffe auf die Website und speichern diese als \u201cServer-Logfiles\u201d auf dem Server der Website ab. Folgende Daten werden so protokolliert:<\/p>\n<ul>\n<li>\n<ul>\n<li style=\"list-style-type: none;\">\n<ul>\n<li>\n<p><strong>Anonymisierte Client-IP<\/strong><\/p>\n<\/li>\n<\/ul>\n<\/li>\n<\/ul>\n<ul>\n<li style=\"list-style-type: none;\">\n<ul>\n<li>\n<p><strong>Timestamp <\/strong><\/p>\n<\/li>\n<li>\n<p><strong>Request-Zeile<\/strong><\/p>\n<\/li>\n<\/ul>\n<\/li>\n<\/ul>\n<ul>\n<li style=\"list-style-type: none;\">\n<ul>\n<li>\n<p><strong>Status Code<\/strong><\/p>\n<\/li>\n<\/ul>\n<\/li>\n<\/ul>\n<ul>\n<li style=\"list-style-type: none;\">\n<ul>\n<li>\n<p><strong>Gr\u00f6\u00dfe des Response Bodies<br \/><br \/>Referer, der vom Client gesendet wurde<\/strong><\/p>\n<\/li>\n<\/ul>\n<\/li>\n<\/ul>\n<ul>\n<li style=\"list-style-type: none;\">\n<ul>\n<li>\n<p><strong>User Agent, der vom Client gesendet wurde<\/strong><\/p>\n<\/li>\n<\/ul>\n<\/li>\n<\/ul>\n<\/li>\n<\/ul>\n<p>Auf Basis der Log-Daten erstellt Strato einerseits eine Statistikauswertung, die ich \u00fcber meinen Kunden-Login einsehen k\u00f6nnte, sofern mich dies denn interessieren w\u00fcrde. Ich k\u00f6nnte die Logfiles dieser Website auch herunterladen.<\/p>\n<p>Strato speichert diese Daten auch, um seine Dienste zu optimieren und Angriffe zu erkennen und abwehren zu k\u00f6nnen. Mehr dazu: <a href=\"https:\/\/www.strato.de\/blog\/dsgvo-logfiles\/\">hier<\/a><\/p>\n<h4>Reichweitenmessung &amp; Cookies<\/h4>\n<p>Diese Website verwendet keine Cookies.\u00a0<\/p>\n<h4>Erfassung und Verarbeitung personenbezogener Daten<\/h4>\n<p>Als personenbezogene Daten gelten s\u00e4mtliche Informationen, welche dazu dienen, Ihre Person zu bestimmen und welche zu Ihnen zur\u00fcckverfolgt werden k\u00f6nnen \u2013 also beispielsweise Ihr Name, Ihre E-Mail-Adresse und Telefonnummer. Solche Daten erhebt der Webseitenbetreiber nicht, es sei denn, Sie kontaktieren ihn aktiv, beispielsweise via E-Mail.<\/p>\n<p>Diese Website k\u00f6nnen Sie auch besuchen, ohne Angaben zu Ihrer Person zu machen. Zur Verbesserung unseres Online-Angebotes speichern wir jedoch (ohne Personenbezug) Ihre Zugriffsdaten auf diese Website. Zu diesen Zugriffsdaten geh\u00f6ren z. B. die von Ihnen angeforderte Datei oder der Name Ihres Internet-Providers. Durch die Anonymisierung der Daten sind R\u00fcckschl\u00fcsse auf Ihre Person nicht m\u00f6glich.<\/p>\n<div class=\"musterbox\">\n<h4>Rechte des Nutzers<\/h4>\n<p>Sie haben als Nutzer von Webseiten das Recht, auf Antrag eine kostenlose Auskunft dar\u00fcber zu erhalten, welche personenbezogenen Daten \u00fcber Sie gespeichert wurden. Sie haben au\u00dferdem das Recht auf Berichtigung falscher Daten und auf die Verarbeitungseinschr\u00e4nkung oder L\u00f6schung Ihrer personenbezogenen Daten.<\/p>\n<p>Sofern Ihr Wunsch nicht mit einer gesetzlichen Pflicht zur Aufbewahrung von Daten (z. B. Vorratsdatenspeicherung) kollidiert, haben Sie ein Anrecht auf L\u00f6schung Ihrer Daten. Von uns gespeicherte Daten werden, sollten sie f\u00fcr ihre Zweckbestimmung nicht mehr vonn\u00f6ten sein und es keine gesetzlichen Aufbewahrungsfristen geben, gel\u00f6scht. Falls eine L\u00f6schung nicht durchgef\u00fchrt werden kann, da die Daten f\u00fcr zul\u00e4ssige gesetzliche Zwecke erforderlich sind, erfolgt eine Einschr\u00e4nkung der Datenverarbeitung. In diesem Fall werden die Daten gesperrt und nicht f\u00fcr andere Zwecke verarbeitet.<\/p>\n<p><span style=\"color: #ff0000;\">Da wir keine personenbezogenen Daten speichern, sind diese Rechte jedoch bezogen auf diese Webseite nicht relevant.<\/span><\/p>\n<h5>\u00a0<\/h5>\n<\/div>\n\n\n<p><\/p>\n\n\n\n<p><\/p>\n","protected":false},"excerpt":{"rendered":"<p>Vorab: Ich respektiere Ihre Privatsph\u00e4re. Ich interessiere mich nicht daf\u00fcr, wer Sie sind, welchen Browser Sie nutzen oder an welchem Ort der Welt Sie ins Netz gehen. Das geht mich auch nichts an \u2013 Sie wollen ja nur meine Webseite nutzen und ich betreibe keine halbseidenen oder offen kriminellen Gesch\u00e4fte. Ich pers\u00f6nlich werte keinerlei Daten &hellip; <\/p>\n<p class=\"link-more\"><a href=\"https:\/\/marcusmeier.de\/cms\/datenschutzerklaerung\/\" class=\"more-link\"><span class=\"screen-reader-text\">\u201eDatenschutzerkl\u00e4rung\u201c<\/span> weiterlesen<\/a><\/p>\n","protected":false},"author":1,"featured_media":0,"parent":0,"menu_order":5,"comment_status":"closed","ping_status":"closed","template":"","meta":{"footnotes":""},"class_list":["post-219","page","type-page","status-publish","hentry"],"_links":{"self":[{"href":"https:\/\/marcusmeier.de\/cms\/wp-json\/wp\/v2\/pages\/219","targetHints":{"allow":["GET"]}}],"collection":[{"href":"https:\/\/marcusmeier.de\/cms\/wp-json\/wp\/v2\/pages"}],"about":[{"href":"https:\/\/marcusmeier.de\/cms\/wp-json\/wp\/v2\/types\/page"}],"author":[{"embeddable":true,"href":"https:\/\/marcusmeier.de\/cms\/wp-json\/wp\/v2\/users\/1"}],"replies":[{"embeddable":true,"href":"https:\/\/marcusmeier.de\/cms\/wp-json\/wp\/v2\/comments?post=219"}],"version-history":[{"count":21,"href":"https:\/\/marcusmeier.de\/cms\/wp-json\/wp\/v2\/pages\/219\/revisions"}],"predecessor-version":[{"id":709,"href":"https:\/\/marcusmeier.de\/cms\/wp-json\/wp\/v2\/pages\/219\/revisions\/709"}],"wp:attachment":[{"href":"https:\/\/marcusmeier.de\/cms\/wp-json\/wp\/v2\/media?parent=219"}],"curies":[{"name":"wp","href":"https:\/\/api.w.org\/{rel}","templated":true}]}}